{"id":5806,"date":"2022-01-27T11:10:55","date_gmt":"2022-01-27T11:10:55","guid":{"rendered":"https:\/\/prestige.telemakos.it\/?page_id=5806"},"modified":"2022-05-09T15:34:34","modified_gmt":"2022-05-09T15:34:34","slug":"cookie-policy","status":"publish","type":"page","link":"https:\/\/vigilanzaprestige.com\/index.php\/cookie-policy\/","title":{"rendered":"Cookie Policy"},"content":{"rendered":"<div class=\"fusion-fullwidth fullwidth-box fusion-builder-row-1 fusion-flex-container nonhundred-percent-fullwidth non-hundred-percent-height-scrolling\" style=\"background-color: rgba(255,255,255,0);background-position: center center;background-repeat: no-repeat;border-width: 0px 0px 0px 0px;border-color:#eae9e9;border-style:solid;\" ><div class=\"fusion-builder-row fusion-row fusion-flex-align-items-flex-start\" style=\"max-width:1216.8px;margin-left: calc(-4% \/ 2 );margin-right: calc(-4% \/ 2 );\"><div class=\"fusion-layout-column fusion_builder_column fusion-builder-column-0 fusion_builder_column_1_1 1_1 fusion-flex-column\"><div class=\"fusion-column-wrapper fusion-flex-justify-content-flex-start fusion-content-layout-column\" style=\"background-position:left top;background-repeat:no-repeat;-webkit-background-size:cover;-moz-background-size:cover;-o-background-size:cover;background-size:cover;padding: 0px 0px 0px 0px;\"><div class=\"fusion-text fusion-text-1\" style=\"font-size:16px;line-height:2;color:#444444;font-family:&quot;Poppins&quot;;font-weight:400;\"><p><strong>Introduzione<\/strong><br \/>\nQuesta policy vuole spiegare come questo sito web utilizza i cookie al fine di fornire informazioni chiare e rilevanti per permettere agli utenti di operare le proprie scelte ai fini del controllo di cosa succede quando si accede al sito. La policy usa il termine \u2018cookie\u2019 per riferirsi a cookie e tecnologie simili contemplati dalla legge (quali, ad esempio, Local Shared Objects \u2013 comunemente indicati come \u201cflash cookie\u201d, web beacon o bug, tra cui clear gif trasparenti). Le informazioni raccolte riguardano dati che potrebbero permettere di identificare gli utenti \/ visitatori mediante l\u2019associazione ed elaborazione con dati detenuti da terzi (quali, ad esempio, i numeri degli indirizzi IP, nomi di domini dei computer utilizzati da persone che si collegano al sito web). Questi dati vengono utilizzati solo per fini statistici. Il presente documento \u00e8 parte integrante e sostanziale della Privacy Policy e della informativa in essa contenuta rilasciata anche ai sensi dell\u2019art. 13 del decreto legislativo n. 196 del 2003 (Codice per la protezione dei dati personali, legge italiana che implementa le citate direttive europee) e del Regolamento UE n. 2016\/679 (GDPR). Si invita, pertanto, alla lettura di tale documento.<\/p>\n<p><strong>Legge applicabile<\/strong><br \/>\nLa materia \u00e8 regolata dalla Direttiva Europea 2002\/58 \/CE \u2013 successivamente modificata dalla direttiva 2009\/136 \/CE e recepita dalle legislazioni nazionali degli Stati membri dell\u2019Unione Europea \u2013 che richiede di ottenere il consenso per i cookie e tecnologie simili.<\/p>\n<p><strong>Cos\u2019\u00e8 un cookie<\/strong><br \/>\nUn cookie \u00e8 un piccolo file di testo, in genere di lettere e numeri, scaricati su un dispositivo quando l\u2019utente accede al sito web. I cookie vengono poi inviati al sito originario a ogni visita successiva. I cookie sono utili perch\u00e9 consentono a un sito web di riconoscere il dispositivo di un utente. L\u2019uso di cookie e di tecnologie simili \u00e8 da tempo un fattore ordinario in quanto i cookie sono importanti nella fornitura di molti servizi online. L\u2019utilizzo di queste tecnologie non \u00e8, quindi, vietato dalla legge ma richiede che l\u2019utente venga informato sui cookie e gli venga offerta la possibilit\u00e0 di accettarli o meno.<\/p>\n<p><strong>Cookie di diverso tipo<\/strong><b><br \/>\nCookie di sessione e persistenti<\/b> \u2013 I cookie possono scadere alla fine di una sessione del browser (cio\u00e8, da quando un utente apre la finestra del browser sino a quando si esce dal browser) oppure possono essere conservati pi\u00f9 a lungo.<\/p>\n<p><b>Cookie di sessione<\/b> \u2013 consentono ai siti web di collegare le azioni di un utente durante una sessione del browser. Essi possono essere utilizzati per una variet\u00e0 di scopi, come ricordare ci\u00f2 che un utente ha messo nel proprio carrello mentre naviga in un sito. Essi potrebbero essere utilizzati anche per la sicurezza quando un utente accede a internet banking o per facilitare l\u2019uso di webmail. Questi cookie di sessione scadono dopo una sessione del browser. L\u2019uso dei cosiddetti cookie di sessione (che, in ogni caso, non vengono memorizzati in modo persistente sul computer dell\u2019utente e sono cancellati automaticamente non appena il browser viene chiuso) \u00e8 strettamente limitato ai fini della trasmissione di dati (costituito da numeri casuali generati dal server) che identificano la sessione specifica e sono necessari per consentire l\u2019esplorazione sicura ed efficiente. I cd cookie di sessione utilizzati in questo sito evitano il ricorso ad altre tecniche informatiche potenzialmente pregiudizievoli per la riservatezza della navigazione in rete degli utenti.<\/p>\n<p><b>Cookie persistenti<\/b> \u2013 vengono memorizzati sul dispositivo degli utenti tra distinte sessioni del browser e consentono di ricordare le azioni dell\u2019utente in un sito. I cookie persistenti possono essere utilizzati per una variet\u00e0 di scopi, tra cui ricordare le preferenze e le scelte degli utenti quando si utilizza un sito (o in alcuni casi attraverso diversi siti web).<\/p>\n<p><b>Cookie di \u201cprima\u201d e di \u201cterza parte\u201d<\/b> \u2013 La circostanza che un cookie sia di \u2018prima\u2019 o di \u2018terza parte\u2019 \u00e8 strettamente connessa al sito web o al dominio che utilizza quel determinato cookie. I cookie di \u201cprima parte\u201d, in sostanza, sono i cookie impostati dal medesimo sito web visitato dall\u2019utente \u2013 cio\u00e8 il sito visualizzato nella finestra URL: nel nostro caso, i cookie impostati da www.vigilanzaprestige.com. I cookie di \u201cterze parti\u201d sono i cookie che vengono impostati da un dominio diverso da quello visitato dall\u2019utente: cio\u00e8 i cookie che sono impostati da siti web diversi da www.vigilanzaprestige.com. Se un utente visita un sito web (come Google) e una terza azienda imposta un cookie attraverso Google, questo specifico cookie \u00e8 un cookie di \u201cterza parte\u201d.<\/p>\n<p><strong>Titolarit\u00e0 del trattamento<\/strong><br \/>\nPrestige Srl, come identificata nella Privacy policy, \u00e8 titolare del trattamento dei dati \u2013 e risponde per i \u2013 soli cookie propri, cio\u00e8 di \u201cprima parte\u201d; diversamente, i cookie di \u201cterze parti\u201d rientrano nella titolarit\u00e0 delle aziende di rispettiva pertinenza, individuate secondo la tabella contenuta in questo documento.<\/p>\n<p><strong>Consenso per i cookie<\/strong><br \/>\nAlcuni cookie sono strettamente necessari per il corretto funzionamento di Internet e non richiedono il consenso dell\u2019utente, come ad esempio quelli per garantire che il contenuto di una pagina venga caricata in modo rapido ed efficace, la distribuzione del carico di lavoro tra diversi computer oppure quelli volti a garantire la sicurezza. Altri cookie sono pur sempre ragionevolmente necessari o importanti, ma non sono strettamente indispensabili e, quindi, richiedono il consenso dell\u2019utente. Questo sito mette in atto diverse tecniche per la raccolta del consenso dell\u2019utente: una modalit\u00e0 \u00e8 la selezione della specifica casella sul banner cookie pubblicato sulla pagina di accesso al sito e che d\u00e0 evidenza dell\u2019uso di cookie. Le impostazioni del browser rappresentano un altro mezzo per il rilascio del consenso o, al contrario, per il rifiuto dei cookie; l\u2019utente pu\u00f2 impostare il browser affinch\u00e9 venga avvertito della presenza di cookie, consentendogli di decidere se accettare i cookie o meno. \u00c8 anche possibile rifiutare automaticamente tutti i cookie, attivando l\u2019apposita opzione nel browser. Ciascun browser pone in evidenza istruzioni allo scopo.<\/p>\n<p><strong>Revoca del consenso<\/strong><br \/>\nIl vostro consenso all\u2019uso dei cookie pu\u00f2 essere revocato in qualsiasi momento, anche se la revoca potrebbe avere un impatto sulla funzionalit\u00e0 del sito web.<\/p>\n<p><strong>Quali cookie utilizziamo<\/strong><br \/>\nQuando gestisce il proprio sito web, Prestige Srl utilizza i cookie per offrire servizi, per migliorare l\u2019esperienza degli utenti, nonch\u00e9 per sviluppare statistiche aggregate sui dati raccolti per vari motivi. Questi cookie ci permettono di distinguere l\u2019utente del sito da altri, ci aiutano a fornire una buona esperienza quando si naviga il nostro sito ed a migliorare il nostro sito. I cookies che utilizziamo sono \u201ctecnici\u201d e \u201canalitici\u201d. Essi ci permettono di riconoscere e contare il numero di visitatori e di esaminare come i visitatori navigano il sito web quando lo si utilizza. Questo ci aiuta a migliorare il modo in cui il nostro sito funziona, per esempio facendo in modo che gli utenti trovino facilmente quello di cui hanno bisogno. Per saperne di pi\u00f9 sui singoli cookie di analisi che utilizziamo e come riconoscerli si rinvia alla consultazione della tabella sottostante. Pi\u00f9 specificamente, questo sito internet utilizza questi tipi di cookie, come elencato nella tabella seguente:<\/p>\n<p><b>a. cookie tecnici<\/b>: necessari per la navigazione all\u2019interno del sito e per poter utilizzare alcune funzioni (ad esempio, per spostarsi da una pagina all\u2019altra, ecc)<b><br \/>\nb. cookie analitici<\/b>: per l\u2019analisi statistica degli accessi al sito. Le informazioni sono raccolte su base aggregata.<\/p>\n<p>Questo sito non utilizza i cookies per indirizzare la pubblicit\u00e0.<\/p>\n<table style=\"width: 100.0%; background: whitesmoke; border-collapse: collapse; mso-yfti-tbllook: 1184;\" border=\"0\" width=\"100%\" cellspacing=\"0\" cellpadding=\"0\">\n<tbody>\n<tr style=\"mso-yfti-irow: 0; mso-yfti-firstrow: yes;\">\n<td style=\"border: none; border-top: solid #DDDDDD 1.0pt; mso-border-top-alt: solid #DDDDDD .75pt; padding: 6.0pt 6.0pt 6.0pt 6.0pt;\" valign=\"top\"><b>Dominio<\/b><\/td>\n<td style=\"border: none; border-top: solid #DDDDDD 1.0pt; mso-border-top-alt: solid #DDDDDD .75pt; padding: 6.0pt 6.0pt 6.0pt 6.0pt;\" valign=\"top\"><b><span style=\"color: black; mso-color-alt: windowtext;\">Fornitore del cookie<\/span><\/b><\/td>\n<td style=\"border: none; border-top: solid #DDDDDD 1.0pt; mso-border-top-alt: solid #DDDDDD .75pt; padding: 6.0pt 6.0pt 6.0pt 6.0pt;\" valign=\"top\"><b><span style=\"color: black; mso-color-alt: windowtext;\">Tipo di Cookie<\/span><\/b><\/td>\n<td style=\"border: none; border-top: solid #DDDDDD 1.0pt; mso-border-top-alt: solid #DDDDDD .75pt; padding: 6.0pt 6.0pt 6.0pt 6.0pt;\" valign=\"top\"><b><span style=\"color: black; mso-color-alt: windowtext;\">Descrizione<\/span><\/b><\/td>\n<\/tr>\n<tr style=\"mso-yfti-irow: 1; mso-yfti-lastrow: yes;\">\n<td style=\"border: none; border-top: solid #DDDDDD 1.0pt; mso-border-top-alt: solid #DDDDDD .75pt; padding: 6.0pt 6.0pt 6.0pt 6.0pt;\" valign=\"top\">vigilanzaprestige.com<\/td>\n<td style=\"border: none; border-top: solid #DDDDDD 1.0pt; mso-border-top-alt: solid #DDDDDD .75pt; padding: 6.0pt 6.0pt 6.0pt 6.0pt;\" valign=\"top\"><span style=\"color: black; mso-color-alt: windowtext;\">Google Analytics<\/span><\/td>\n<td style=\"border: none; border-top: solid #DDDDDD 1.0pt; mso-border-top-alt: solid #DDDDDD .75pt; padding: 6.0pt 6.0pt 6.0pt 6.0pt;\" valign=\"top\"><span style=\"color: black; mso-color-alt: windowtext;\">Cookie e dati di utilizzo<\/span><\/td>\n<td style=\"border: none; border-top: solid #DDDDDD 1.0pt; mso-border-top-alt: solid #DDDDDD .75pt; padding: 6.0pt 6.0pt 6.0pt 6.0pt;\" valign=\"top\"><span style=\"color: black; mso-color-alt: windowtext;\">GA utilizza i dati per tracciare la navigazione degli utenti in forma anonima<\/span><\/td>\n<\/tr>\n<\/tbody>\n<\/table>\n<p>Alcuni cookie utilizzati sono di terze parti. Il processo per ottenere il consenso per questi cookie \u00e8 pi\u00f9 complesso, ma facciamo tutto il possibile per fornire le giuste informazioni agli utenti e per consentire loro di effettuare scelte informate su ci\u00f2 che \u00e8 memorizzato sul proprio dispositivo. Per questa ragione la societ\u00e0 fornisce gli indirizzi di tali terze parti presso cui rivolgersi o, in mancanza, indica qui le modalit\u00e0 per rimuovere i cookie che non si vuole accettare.<\/p>\n<p><strong>Ambito di circolazione e conservazione dei dati<\/strong><br \/>\nI dati sui contatti web non vengono conservati per un periodo pi\u00f9 lungo di sette giorni, salvo eventuali accertamenti di reati informatici ai danni del sito. Nessun dato derivante dal servizio web verr\u00e0 comunicato o diffuso a destinatari non specificati.<\/p>\n<p><strong>Aggiornamento della cookie policy<\/strong><br \/>\nLa politica sui cookie del nostro Sito pu\u00f2 essere periodicamente aggiornata, per cui si consiglia di consultare questo documento ogni volta che si accede al Sito, al fine di essere correttamente informati su come e perch\u00e9 usiamo i cookie.<\/p>\n<p><strong>Ulteriori informazioni sui cookie<\/strong><br \/>\nPer ulteriori informazioni sui cookie installati tramite questo Sito, \u00e8 possibile contattare il seguente indirizzo e-mail: <a href=\"mailto:info@vigilanzaprestige.com\">info@vigilanzaprestige.com<\/a>.<\/p>\n<\/div><\/div><style type=\"text\/css\">.fusion-body .fusion-builder-column-0{width:100% !important;margin-top : -70px;margin-bottom : 20px;}.fusion-builder-column-0 > .fusion-column-wrapper {padding-top : 0 !important;padding-right : 0px !important;margin-right : 1.92%;padding-bottom : 0px !important;padding-left : 0px !important;margin-left : 1.92%;}@media only screen and (max-width:1024px) {.fusion-body .fusion-builder-column-0{width:100% !important;order : 0;}.fusion-builder-column-0 > .fusion-column-wrapper {margin-right : 1.92%;margin-left : 1.92%;}}@media only screen and (max-width:640px) {.fusion-body .fusion-builder-column-0{width:100% !important;order : 0;}.fusion-builder-column-0 > .fusion-column-wrapper {margin-right : 1.92%;margin-left : 1.92%;}}<\/style><\/div><\/div><style type=\"text\/css\">.fusion-body .fusion-flex-container.fusion-builder-row-1{ padding-top : 0px;margin-top : 0;padding-right : 0px;padding-bottom : 0px;margin-bottom : 0px;padding-left : 0px;}<\/style><\/div>\n","protected":false},"excerpt":{"rendered":"","protected":false},"author":1,"featured_media":0,"parent":0,"menu_order":0,"comment_status":"closed","ping_status":"open","template":"","meta":{"footnotes":""},"class_list":["post-5806","page","type-page","status-publish","hentry"],"_links":{"self":[{"href":"https:\/\/vigilanzaprestige.com\/index.php\/wp-json\/wp\/v2\/pages\/5806","targetHints":{"allow":["GET"]}}],"collection":[{"href":"https:\/\/vigilanzaprestige.com\/index.php\/wp-json\/wp\/v2\/pages"}],"about":[{"href":"https:\/\/vigilanzaprestige.com\/index.php\/wp-json\/wp\/v2\/types\/page"}],"author":[{"embeddable":true,"href":"https:\/\/vigilanzaprestige.com\/index.php\/wp-json\/wp\/v2\/users\/1"}],"replies":[{"embeddable":true,"href":"https:\/\/vigilanzaprestige.com\/index.php\/wp-json\/wp\/v2\/comments?post=5806"}],"version-history":[{"count":9,"href":"https:\/\/vigilanzaprestige.com\/index.php\/wp-json\/wp\/v2\/pages\/5806\/revisions"}],"predecessor-version":[{"id":6104,"href":"https:\/\/vigilanzaprestige.com\/index.php\/wp-json\/wp\/v2\/pages\/5806\/revisions\/6104"}],"wp:attachment":[{"href":"https:\/\/vigilanzaprestige.com\/index.php\/wp-json\/wp\/v2\/media?parent=5806"}],"curies":[{"name":"wp","href":"https:\/\/api.w.org\/{rel}","templated":true}]}}